{"id":2813,"date":"2024-01-18T11:39:34","date_gmt":"2024-01-18T15:39:34","guid":{"rendered":"https:\/\/www.nuvucameras.com\/catalog\/"},"modified":"2024-04-22T15:35:33","modified_gmt":"2024-04-22T19:35:33","slug":"obtenir-le-catalogue","status":"publish","type":"page","link":"https:\/\/www.nuvucameras.com\/fr\/obtenir-le-catalogue\/","title":{"rendered":"Catalogue"},"content":{"rendered":"","protected":false},"excerpt":{"rendered":"","protected":false},"author":1,"featured_media":0,"parent":0,"menu_order":0,"comment_status":"closed","ping_status":"closed","template":"","meta":{"_acf_changed":false,"_seopress_robots_primary_cat":"","_seopress_titles_title":"Obtenir le catalogue | N\u00fcv\u00fc Cam\u0113ras","_seopress_titles_desc":"Remplissez le formulaire ci-dessous pour acc\u00e9der \u00e0 notre catalogue.","_seopress_robots_index":"","footnotes":""},"class_list":["post-2813","page","type-page","status-publish","hentry"],"acf":[],"_links":{"self":[{"href":"https:\/\/www.nuvucameras.com\/fr\/wp-json\/wp\/v2\/pages\/2813","targetHints":{"allow":["GET"]}}],"collection":[{"href":"https:\/\/www.nuvucameras.com\/fr\/wp-json\/wp\/v2\/pages"}],"about":[{"href":"https:\/\/www.nuvucameras.com\/fr\/wp-json\/wp\/v2\/types\/page"}],"author":[{"embeddable":true,"href":"https:\/\/www.nuvucameras.com\/fr\/wp-json\/wp\/v2\/users\/1"}],"replies":[{"embeddable":true,"href":"https:\/\/www.nuvucameras.com\/fr\/wp-json\/wp\/v2\/comments?post=2813"}],"version-history":[{"count":1,"href":"https:\/\/www.nuvucameras.com\/fr\/wp-json\/wp\/v2\/pages\/2813\/revisions"}],"predecessor-version":[{"id":2814,"href":"https:\/\/www.nuvucameras.com\/fr\/wp-json\/wp\/v2\/pages\/2813\/revisions\/2814"}],"wp:attachment":[{"href":"https:\/\/www.nuvucameras.com\/fr\/wp-json\/wp\/v2\/media?parent=2813"}],"curies":[{"name":"wp","href":"https:\/\/api.w.org\/{rel}","templated":true}]}}