{"id":2799,"date":"2024-01-18T11:25:44","date_gmt":"2024-01-18T15:25:44","guid":{"rendered":"https:\/\/www.nuvucameras.com\/photon-counting\/"},"modified":"2024-04-18T16:33:25","modified_gmt":"2024-04-18T20:33:25","slug":"comptage-de-photons-emccd","status":"publish","type":"page","link":"https:\/\/www.nuvucameras.com\/fr\/comptage-de-photons-emccd\/","title":{"rendered":"Comptage de photons EMCCD"},"content":{"rendered":"","protected":false},"excerpt":{"rendered":"","protected":false},"author":1,"featured_media":0,"parent":0,"menu_order":0,"comment_status":"closed","ping_status":"closed","template":"","meta":{"_acf_changed":false,"_seopress_robots_primary_cat":"","_seopress_titles_title":"Comptage de photons EMCCD | N\u00fcv\u00fc Cam\u0113ras","_seopress_titles_desc":"Le comptage de photons est un mode d'acquisition EMCCD puissant, offrant une sensibilit\u00e9 et des performances accrues gr\u00e2ce \u00e0 l'\u00e9lectronique brevet\u00e9e de N\u00fcv\u00fc.","_seopress_robots_index":"","footnotes":""},"class_list":["post-2799","page","type-page","status-publish","hentry"],"acf":[],"_links":{"self":[{"href":"https:\/\/www.nuvucameras.com\/fr\/wp-json\/wp\/v2\/pages\/2799","targetHints":{"allow":["GET"]}}],"collection":[{"href":"https:\/\/www.nuvucameras.com\/fr\/wp-json\/wp\/v2\/pages"}],"about":[{"href":"https:\/\/www.nuvucameras.com\/fr\/wp-json\/wp\/v2\/types\/page"}],"author":[{"embeddable":true,"href":"https:\/\/www.nuvucameras.com\/fr\/wp-json\/wp\/v2\/users\/1"}],"replies":[{"embeddable":true,"href":"https:\/\/www.nuvucameras.com\/fr\/wp-json\/wp\/v2\/comments?post=2799"}],"version-history":[{"count":1,"href":"https:\/\/www.nuvucameras.com\/fr\/wp-json\/wp\/v2\/pages\/2799\/revisions"}],"predecessor-version":[{"id":2800,"href":"https:\/\/www.nuvucameras.com\/fr\/wp-json\/wp\/v2\/pages\/2799\/revisions\/2800"}],"wp:attachment":[{"href":"https:\/\/www.nuvucameras.com\/fr\/wp-json\/wp\/v2\/media?parent=2799"}],"curies":[{"name":"wp","href":"https:\/\/api.w.org\/{rel}","templated":true}]}}