{"id":2795,"date":"2024-01-18T11:18:48","date_gmt":"2024-01-18T15:18:48","guid":{"rendered":"https:\/\/www.nuvucameras.com\/emccd-tutorial\/"},"modified":"2024-04-18T16:33:49","modified_gmt":"2024-04-18T20:33:49","slug":"infos-sur-lemccd","status":"publish","type":"page","link":"https:\/\/www.nuvucameras.com\/fr\/infos-sur-lemccd\/","title":{"rendered":"Infos sur l'\u200bEMCCD"},"content":{"rendered":"","protected":false},"excerpt":{"rendered":"","protected":false},"author":1,"featured_media":0,"parent":0,"menu_order":0,"comment_status":"closed","ping_status":"closed","template":"","meta":{"_acf_changed":false,"_seopress_robots_primary_cat":"","_seopress_titles_title":"Infos sur l'\u200bEMCCD | N\u00fcv\u00fc Cam\u0113ras","_seopress_titles_desc":"L\u2019imagerie \u00e0 faible flux survient dans plusieurs champs d\u2019\u00e9tudes, de la recherche biom\u00e9dicale \u00e0 l\u2019astronomie.","_seopress_robots_index":"","footnotes":""},"class_list":["post-2795","page","type-page","status-publish","hentry"],"acf":[],"_links":{"self":[{"href":"https:\/\/www.nuvucameras.com\/fr\/wp-json\/wp\/v2\/pages\/2795","targetHints":{"allow":["GET"]}}],"collection":[{"href":"https:\/\/www.nuvucameras.com\/fr\/wp-json\/wp\/v2\/pages"}],"about":[{"href":"https:\/\/www.nuvucameras.com\/fr\/wp-json\/wp\/v2\/types\/page"}],"author":[{"embeddable":true,"href":"https:\/\/www.nuvucameras.com\/fr\/wp-json\/wp\/v2\/users\/1"}],"replies":[{"embeddable":true,"href":"https:\/\/www.nuvucameras.com\/fr\/wp-json\/wp\/v2\/comments?post=2795"}],"version-history":[{"count":4,"href":"https:\/\/www.nuvucameras.com\/fr\/wp-json\/wp\/v2\/pages\/2795\/revisions"}],"predecessor-version":[{"id":3246,"href":"https:\/\/www.nuvucameras.com\/fr\/wp-json\/wp\/v2\/pages\/2795\/revisions\/3246"}],"wp:attachment":[{"href":"https:\/\/www.nuvucameras.com\/fr\/wp-json\/wp\/v2\/media?parent=2795"}],"curies":[{"name":"wp","href":"https:\/\/api.w.org\/{rel}","templated":true}]}}