{"id":2778,"date":"2021-05-14T10:13:23","date_gmt":"2021-05-14T14:13:23","guid":{"rendered":"https:\/\/www.nuvucameras.com\/homepage\/"},"modified":"2024-05-29T14:04:11","modified_gmt":"2024-05-29T18:04:11","slug":"home","status":"publish","type":"page","link":"https:\/\/www.nuvucameras.com\/fr\/","title":{"rendered":"Accueil"},"content":{"rendered":"","protected":false},"excerpt":{"rendered":"","protected":false},"author":1,"featured_media":0,"parent":0,"menu_order":0,"comment_status":"closed","ping_status":"closed","template":"","meta":{"_acf_changed":false,"_seopress_robots_primary_cat":"","_seopress_titles_title":"N\u00fcv\u00fc Cam\u0113ras | Cam\u00e9ras ultrasensibles","_seopress_titles_desc":"La technologie EMCCD brevet\u00e9e des cam\u00e9ras Nuvu offre une sensibilit\u00e9 in\u00e9gal\u00e9e et une qualit\u00e9 d'image optimale pour les applications d'imagerie exigeantes.","_seopress_robots_index":"","footnotes":""},"class_list":["post-2778","page","type-page","status-publish","hentry"],"acf":[],"_links":{"self":[{"href":"https:\/\/www.nuvucameras.com\/fr\/wp-json\/wp\/v2\/pages\/2778","targetHints":{"allow":["GET"]}}],"collection":[{"href":"https:\/\/www.nuvucameras.com\/fr\/wp-json\/wp\/v2\/pages"}],"about":[{"href":"https:\/\/www.nuvucameras.com\/fr\/wp-json\/wp\/v2\/types\/page"}],"author":[{"embeddable":true,"href":"https:\/\/www.nuvucameras.com\/fr\/wp-json\/wp\/v2\/users\/1"}],"replies":[{"embeddable":true,"href":"https:\/\/www.nuvucameras.com\/fr\/wp-json\/wp\/v2\/comments?post=2778"}],"version-history":[{"count":6,"href":"https:\/\/www.nuvucameras.com\/fr\/wp-json\/wp\/v2\/pages\/2778\/revisions"}],"predecessor-version":[{"id":3866,"href":"https:\/\/www.nuvucameras.com\/fr\/wp-json\/wp\/v2\/pages\/2778\/revisions\/3866"}],"wp:attachment":[{"href":"https:\/\/www.nuvucameras.com\/fr\/wp-json\/wp\/v2\/media?parent=2778"}],"curies":[{"name":"wp","href":"https:\/\/api.w.org\/{rel}","templated":true}]}}